{"id":135,"date":"2022-11-22T12:27:36","date_gmt":"2022-11-22T12:27:36","guid":{"rendered":"http:\/\/temennievi.com\/IT\/\/?page_id=135"},"modified":"2023-12-22T10:42:53","modified_gmt":"2023-12-22T10:42:53","slug":"hakkimizda","status":"publish","type":"page","link":"https:\/\/temennievi.com\/IT\/hakkimizda\/","title":{"rendered":"Chi siamo"},"content":{"rendered":"<p>[vc_row css_animation=&#8221;&#8221; row_type=&#8221;row&#8221; use_row_as_full_screen_section=&#8221;no&#8221; type=&#8221;grid&#8221; angled_section=&#8221;no&#8221; text_align=&#8221;left&#8221; background_image_as_pattern=&#8221;without_pattern&#8221; css=&#8221;.vc_custom_1669120220455{padding-top: 85px !important;}&#8221; z_index=&#8221;&#8221;][vc_column][vc_column_text]<\/p>\n<h3>Chi siamo<\/h3>\n<p>[\/vc_column_text][vc_empty_space height=&#8221;93px&#8221;][vc_column_text]La bella citt\u00e0 di Urgup, situata sulla collina di Temenni, dove la bella citt\u00e0 della Cappadocia appoggia le spalle; Benvenuti nel nostro affascinante e romantico boutique hotel TEMENN\u0130 EV\u0130, dove sono state restaurate e ristrutturate antiche case greche.<\/p>\n<p>Il TEMENN\u0130 EV\u0130 sar\u00e0 una delle scelte migliori per i vostri giorni in Cappadocia grazie alla sua posizione, alla vista panoramica, al glamour, all&#8217;atmosfera accogliente e al servizio di qualit\u00e0. Il nostro obiettivo e il nostro principio sono per voi che siete lontani da casa vostra. La TEMENN\u0130 EV\u0130 vuole farvi sentire la TEMENN\u0130 EV\u0130 come la vostra seconda casa.<\/p>\n<p>La TEMENN\u0130 EV\u0130, specialmente per le coppie che vengono in Cappadocia e vogliono soggiornare qui in un ambiente speciale o per i viaggiatori che vogliono soggiornare in un ambiente confortevole e di qualit\u00e0, \u00e8 stata progettata e preparata come una seconda casa. Le nostre camere scavate nella roccia, decorate con mobili appositamente selezionati e arredate per il vostro comfort, mostrano tutte le bellezze di una casa-grotta locale e questa bellezza \u00e8 integrata con un comfort di qualit\u00e0.<\/p>\n<p>Come ospiti del TEMENN\u0130 EV\u0130, vi perderete nell&#8217;antica magia del nostro quartiere e vi immergerete nell&#8217;atmosfera misteriosa del nostro hotel adornato con pietre cappadociane che riflettono i colori del sole e i dettagli dell&#8217;antica architettura ottomana.<\/p>\n<p>Le 32 camere dell&#8217;hotel, eleganti e piacevoli, sono tutte decorate con colori tenui e mobili antichi per il vostro comfort. Le vasche idromassaggio nei bagni, l&#8217;aria condizionata naturale e i caminetti nelle camere scavate nella roccia sono al vostro servizio per garantirvi un soggiorno piacevole.<\/p>\n<p>Quando venite in Cappadocia, un aperitivo sulla terrazza al tramonto nei giorni in cui soggiornate nel nostro hotel, che si trova in un angolo tranquillo di Urgup, vi toglier\u00e0 la stanchezza dell&#8217;intera giornata; tuttavia, per coloro che vogliono continuare, potrete fare delle belle e piacevoli passeggiate intorno al nostro hotel grazie alla sua posizione.<\/p>\n<p>Ristoranti da 90 persone al coperto; terrazza da 70 persone; grotta rocciosa da 45 persone con i dispositivi tecnici necessari per seminari, riunioni e attivit\u00e0 di intrattenimento sono al vostro servizio. Inoltre, potrete usufruire dell&#8217;organizzazione di intrattenimenti nei nostri ristoranti sotterranei in occasione di serate speciali.<\/p>\n<p>Oltre a tutto questo, nelle camere del nostro hotel \u00e8 disponibile la connessione internet via cavo e wireless; se richiesto, il nostro computer portatile completamente attrezzato \u00e8 pronto per l&#8217;uso dei nostri clienti.<\/p>\n<p>Nelle nostre camere \u00e8 disponibile un servizio di cassetta di sicurezza per i vostri oggetti di valore. Inoltre, il t\u00e8 \u00e8 gratuito grazie al bollitore presente nelle nostre camere.<\/p>\n<p>L&#8217;hotel dista 5 minuti a piedi dal bazar, 45 km dall&#8217;aeroporto di Nevsehir Cappadocia e 60 km dall&#8217;aeroporto di Kayseri.<\/p>\n<p>L&#8217;acqua utilizzata nei bagni di tutte le nostre camere \u00e8 appositamente filtrata. Vi diamo il benvenuto alla TEMENN\u0130 EV\u0130, la vostra seconda casa in Cappadocia.[\/vc_column_text][vc_empty_space height=&#8221;93px&#8221;][\/vc_column][\/vc_row]<\/p>\n","protected":false},"excerpt":{"rendered":"<p>[vc_row css_animation=&#8221;&#8221; row_type=&#8221;row&#8221; use_row_as_full_screen_section=&#8221;no&#8221; type=&#8221;grid&#8221; angled_section=&#8221;no&#8221; text_align=&#8221;left&#8221; background_image_as_pattern=&#8221;without_pattern&#8221; css=&#8221;.vc_custom_1669120220455{padding-top: 85px !important;}&#8221; z_index=&#8221;&#8221;][vc_column][vc_column_text] Chi siamo [\/vc_column_text][vc_empty_space height=&#8221;93px&#8221;][vc_column_text]La bella citt\u00e0 di Urgup, situata sulla collina di Temenni, dove la bella citt\u00e0 della Cappadocia appoggia le spalle; Benvenuti nel nostro affascinante e romantico boutique hotel TEMENN\u0130 EV\u0130, dove&#8230;<\/p>\n","protected":false},"author":1,"featured_media":0,"parent":0,"menu_order":0,"comment_status":"closed","ping_status":"closed","template":"full_width.php","meta":{"footnotes":""},"class_list":["post-135","page","type-page","status-publish","hentry"],"_links":{"self":[{"href":"https:\/\/temennievi.com\/IT\/wp-json\/wp\/v2\/pages\/135","targetHints":{"allow":["GET"]}}],"collection":[{"href":"https:\/\/temennievi.com\/IT\/wp-json\/wp\/v2\/pages"}],"about":[{"href":"https:\/\/temennievi.com\/IT\/wp-json\/wp\/v2\/types\/page"}],"author":[{"embeddable":true,"href":"https:\/\/temennievi.com\/IT\/wp-json\/wp\/v2\/users\/1"}],"replies":[{"embeddable":true,"href":"https:\/\/temennievi.com\/IT\/wp-json\/wp\/v2\/comments?post=135"}],"version-history":[{"count":9,"href":"https:\/\/temennievi.com\/IT\/wp-json\/wp\/v2\/pages\/135\/revisions"}],"predecessor-version":[{"id":497,"href":"https:\/\/temennievi.com\/IT\/wp-json\/wp\/v2\/pages\/135\/revisions\/497"}],"wp:attachment":[{"href":"https:\/\/temennievi.com\/IT\/wp-json\/wp\/v2\/media?parent=135"}],"curies":[{"name":"wp","href":"https:\/\/api.w.org\/{rel}","templated":true}]}}