{"id":297,"date":"2022-12-11T22:56:25","date_gmt":"2022-12-11T22:56:25","guid":{"rendered":"http:\/\/temennievi.com\/ES\/\/?page_id=297"},"modified":"2023-12-19T12:30:00","modified_gmt":"2023-12-19T12:30:00","slug":"king-suitler","status":"publish","type":"page","link":"https:\/\/temennievi.com\/ES\/king-suitler\/","title":{"rendered":"Suites King"},"content":{"rendered":"<p>[vc_row css_animation=&#8221;&#8221; row_type=&#8221;row&#8221; use_row_as_full_screen_section=&#8221;no&#8221; type=&#8221;grid&#8221; angled_section=&#8221;no&#8221; text_align=&#8221;left&#8221; background_image_as_pattern=&#8221;without_pattern&#8221; css=&#8221;.vc_custom_1669120220455{padding-top: 85px !important;}&#8221; z_index=&#8221;&#8221;][vc_column][vc_column_text]<\/p>\n<h3>Suites King<\/h3>\n<p>[\/vc_column_text][vc_empty_space height=&#8221;23px&#8221;][\/vc_column][\/vc_row][vc_row css_animation=&#8221;&#8221; row_type=&#8221;row&#8221; use_row_as_full_screen_section=&#8221;no&#8221; type=&#8221;grid&#8221; angled_section=&#8221;no&#8221; text_align=&#8221;center&#8221; background_image_as_pattern=&#8221;without_pattern&#8221; background_color=&#8221;#ffffff&#8221; z_index=&#8221;&#8221;][vc_column width=&#8221;1\/2&#8243; css=&#8221;.vc_custom_1669627768473{padding-top: 3% !important;}&#8221;][vc_gallery type=&#8221;nivo&#8221; interval=&#8221;3&#8243; images=&#8221;307,308,309&#8243; img_size=&#8221;full&#8221; onclick=&#8221;&#8221;][\/vc_column][vc_column width=&#8221;1\/2&#8243; css=&#8221;.vc_custom_1669627700484{padding-top: 5% !important;padding-bottom: 5% !important;}&#8221;][vc_column_text]<\/p>\n<h3 style=\"text-align: center;\">Suites King<\/h3>\n<p>[\/vc_column_text][vc_empty_space height=&#8221;23px&#8221;][vc_column_text]<\/p>\n<p style=\"text-align: center;\">Nuestras habitaciones cueva y arco de 60 m2 a 85 m2 est\u00e1n especialmente preparadas para que pase unas vacaciones inolvidables.<\/p>\n<p>[\/vc_column_text][vc_empty_space height=&#8221;23px&#8221;][vc_row_inner row_type=&#8221;row&#8221; type=&#8221;full_width&#8221; text_align=&#8221;left&#8221; css_animation=&#8221;&#8221;][vc_column_inner width=&#8221;1\/2&#8243;]<div class='q_icon_with_title tiny custom_icon_image left_from_title '><div class=\"icon_text_holder\" style=\"\"><div class=\"icon_text_inner\" style=\"\"><div class=\"icon_title_holder\"><div class=\"icon_holder \" style=\" \"><img decoding=\"async\" itemprop=\"image\" style=\"\" src=\"https:\/\/temennievi.com\/ES\/wp-content\/uploads\/2022\/11\/sitting.png\" alt=\"\"><\/div><h6 class=\"icon_title\" style=\"\">Asientos y zonas de charla<\/h6><\/div><p style=''><\/p><\/div><\/div><\/div><div class='q_icon_with_title tiny custom_icon_image left_from_title '><div class=\"icon_text_holder\" style=\"\"><div class=\"icon_text_inner\" style=\"\"><div class=\"icon_title_holder\"><div class=\"icon_holder \" style=\" \"><img decoding=\"async\" itemprop=\"image\" style=\"\" src=\"https:\/\/temennievi.com\/ES\/wp-content\/uploads\/2022\/11\/bathtub.png\" alt=\"\"><\/div><h6 class=\"icon_title\" style=\"\">Gran cuarto de ba\u00f1o y jacuzzi<\/h6><\/div><p style=''><\/p><\/div><\/div><\/div><div class='q_icon_with_title tiny custom_icon_image left_from_title '><div class=\"icon_text_holder\" style=\"\"><div class=\"icon_text_inner\" style=\"\"><div class=\"icon_title_holder\"><div class=\"icon_holder \" style=\" \"><img decoding=\"async\" itemprop=\"image\" style=\"\" src=\"https:\/\/temennievi.com\/ES\/wp-content\/uploads\/2022\/11\/hair-dryer.png\" alt=\"\"><\/div><h6 class=\"icon_title\" style=\"\">M\u00e1quina secadora de pelo<\/h6><\/div><p style=''><\/p><\/div><\/div><\/div><div class='q_icon_with_title tiny custom_icon_image left_from_title '><div class=\"icon_text_holder\" style=\"\"><div class=\"icon_text_inner\" style=\"\"><div class=\"icon_title_holder\"><div class=\"icon_holder \" style=\" \"><img decoding=\"async\" itemprop=\"image\" style=\"\" src=\"https:\/\/temennievi.com\/ES\/wp-content\/uploads\/2022\/12\/fireplace.png\" alt=\"\"><\/div><h6 class=\"icon_title\" style=\"\">Chimenea<\/h6><\/div><p style=''><\/p><\/div><\/div><\/div>[\/vc_column_inner][vc_column_inner width=&#8221;1\/2&#8243;]<div class='q_icon_with_title tiny custom_icon_image left_from_title '><div class=\"icon_text_holder\" style=\"\"><div class=\"icon_text_inner\" style=\"\"><div class=\"icon_title_holder\"><div class=\"icon_holder \" style=\" \"><img decoding=\"async\" itemprop=\"image\" style=\"\" src=\"https:\/\/temennievi.com\/ES\/wp-content\/uploads\/2022\/11\/wifi.png\" alt=\"\"><\/div><h6 class=\"icon_title\" style=\"\">Internet inal\u00e1mbrico gratuito<\/h6><\/div><p style=''><\/p><\/div><\/div><\/div><div class='q_icon_with_title tiny custom_icon_image left_from_title '><div class=\"icon_text_holder\" style=\"\"><div class=\"icon_text_inner\" style=\"\"><div class=\"icon_title_holder\"><div class=\"icon_holder \" style=\" \"><img decoding=\"async\" itemprop=\"image\" style=\"\" src=\"https:\/\/temennievi.com\/ES\/wp-content\/uploads\/2022\/11\/tea-cup.png\" alt=\"\"><\/div><h6 class=\"icon_title\" style=\"\">Servicio de t\u00e9 y caf\u00e9<\/h6><\/div><p style=''><\/p><\/div><\/div><\/div><div class='q_icon_with_title tiny custom_icon_image left_from_title '><div class=\"icon_text_holder\" style=\"\"><div class=\"icon_text_inner\" style=\"\"><div class=\"icon_title_holder\"><div class=\"icon_holder \" style=\" \"><img decoding=\"async\" itemprop=\"image\" style=\"\" src=\"https:\/\/temennievi.com\/ES\/wp-content\/uploads\/2022\/11\/massage.png\" alt=\"\"><\/div><h6 class=\"icon_title\" style=\"\">Especiales Productos Boucle<\/h6><\/div><p style=''><\/p><\/div><\/div><\/div><div class='q_icon_with_title tiny custom_icon_image left_from_title '><div class=\"icon_text_holder\" style=\"\"><div class=\"icon_text_inner\" style=\"\"><div class=\"icon_title_holder\"><div class=\"icon_holder \" style=\" \"><img decoding=\"async\" itemprop=\"image\" style=\"\" src=\"https:\/\/temennievi.com\/ES\/wp-content\/uploads\/2022\/12\/bath-robe.png\" alt=\"\"><\/div><h6 class=\"icon_title\" style=\"\">Juegos de albornoces<\/h6><\/div><p style=''><\/p><\/div><\/div><\/div>[\/vc_column_inner][\/vc_row_inner][vc_row_inner row_type=&#8221;row&#8221; type=&#8221;full_width&#8221; text_align=&#8221;left&#8221; css_animation=&#8221;&#8221;][vc_column_inner width=&#8221;1\/2&#8243;][vc_column_text]<\/p>\n<h6>Entrada:\u00a0<strong>00.30<\/strong><\/h6>\n<p>[\/vc_column_text][\/vc_column_inner][vc_column_inner width=&#8221;1\/2&#8243;][vc_column_text]<\/p>\n<h6>Salida: antes de las<strong>\u00a011:00<\/strong><\/h6>\n<p>[\/vc_column_text][\/vc_column_inner][\/vc_row_inner][vc_empty_space height=&#8221;23px&#8221;]\n\n\t<a href=\"https:\/\/www.reseliva.com\/hotel\/temennievi\/\" target=\"_blank\" style=\"color: #ffffff;background-color: #ff5a5f\" class=\"qode-btn qode-btn-medium qode-btn-solid rezervasyonpop qode-btn-default-hover\"  >\n\t    <span class=\"qode-btn-text\">Hacer una reserva<\/span>\t<\/a>\n\n[\/vc_column][\/vc_row][vc_row css_animation=&#8221;&#8221; row_type=&#8221;row&#8221; use_row_as_full_screen_section=&#8221;no&#8221; type=&#8221;grid&#8221; angled_section=&#8221;no&#8221; text_align=&#8221;left&#8221; background_image_as_pattern=&#8221;without_pattern&#8221; css=&#8221;.vc_custom_1669120220455{padding-top: 85px !important;}&#8221; z_index=&#8221;&#8221;][vc_column][vc_column_text]<\/p>\n<h4 style=\"text-align: center;\">Caracter\u00edsticas de la habitaci\u00f3n<\/h4>\n<p>[\/vc_column_text][\/vc_column][\/vc_row][vc_row css_animation=&#8221;&#8221; row_type=&#8221;row&#8221; use_row_as_full_screen_section=&#8221;no&#8221; type=&#8221;grid&#8221; angled_section=&#8221;no&#8221; text_align=&#8221;left&#8221; background_image_as_pattern=&#8221;without_pattern&#8221; css=&#8221;.vc_custom_1669120220455{padding-top: 85px !important;}&#8221; z_index=&#8221;&#8221;][vc_column width=&#8221;1\/3&#8243;]<div class='q_list circle normal'><\/p>\n<ul>\n<li>Colchones antial\u00e9rgicos<\/li>\n<li>Almohadas ortop\u00e9dicas de lujo 100% viscoel\u00e1sticas (3 tipos)<\/li>\n<li>Ba\u00f1os de lujo<\/li>\n<li>Habitaciones con ventanas<\/li>\n<li>Escritorio de trabajo<\/li>\n<\/ul>\n<p><\/div>[\/vc_column][vc_column width=&#8221;1\/3&#8243;]<div class='q_list circle normal'><\/p>\n<ul>\n<li>Secador de pelo<\/li>\n<li>Tel\u00e9fono<\/li>\n<li>Ordenador port\u00e1til bajo petici\u00f3n<\/li>\n<li>Calefacci\u00f3n<\/li>\n<li>Agua embotellada<\/li>\n<\/ul>\n<p><\/div>[\/vc_column][vc_column width=&#8221;1\/3&#8243;]<div class='q_list circle normal'><\/p>\n<ul>\n<li>Calentador de agua<\/li>\n<li>Caja de higiene<\/li>\n<li>Wi-Fi en todas las habitaciones<\/li>\n<li>Zapatillas<\/li>\n<li>Caja fuerte<\/li>\n<\/ul>\n<p><\/div>[\/vc_column][\/vc_row][vc_row css_animation=&#8221;&#8221; row_type=&#8221;row&#8221; use_row_as_full_screen_section=&#8221;no&#8221; type=&#8221;grid&#8221; angled_section=&#8221;no&#8221; text_align=&#8221;left&#8221; background_image_as_pattern=&#8221;without_pattern&#8221; css=&#8221;.vc_custom_1669120220455{padding-top: 85px !important;}&#8221; z_index=&#8221;&#8221;][vc_column][vc_gallery type=&#8221;image_grid&#8221; images=&#8221;278,279,280,281,282,283,284,285&#8243; img_size=&#8221;full&#8221; column_number=&#8221;4&#8243; grayscale=&#8221;no&#8221; images_space=&#8221;gallery_with_space&#8221;][\/vc_column][\/vc_row][vc_row css_animation=&#8221;&#8221; row_type=&#8221;row&#8221; use_row_as_full_screen_section=&#8221;no&#8221; type=&#8221;grid&#8221; angled_section=&#8221;no&#8221; text_align=&#8221;left&#8221; background_image_as_pattern=&#8221;without_pattern&#8221; css=&#8221;.vc_custom_1669120220455{padding-top: 85px !important;}&#8221; z_index=&#8221;&#8221;][vc_column][vc_column_text]<\/p>\n<h4 style=\"text-align: center;\">Informaci\u00f3n sobre reservas<\/h4>\n<p>[\/vc_column_text][vc_empty_space height=&#8221;20px&#8221;][vc_column_text]<strong>Confirmaci\u00f3n de la reserva:<\/strong>\u00a0Confirmamos sus reservas por correo electr\u00f3nico y fax previa solicitud. En caso de solicitud de reserva, se le notificar\u00e1 la informaci\u00f3n de confirmaci\u00f3n por correo electr\u00f3nico, tel\u00e9fono o fax en un plazo de 12 horas. Se le cobrar\u00e1 un 10% por la confirmaci\u00f3n de las reservas.<\/p>\n<p><strong>Cancelaci\u00f3n:<\/strong>\u00a0Una vez confirmada su reserva, se le cargar\u00e1 un 10%, en caso de cancelaci\u00f3n, &lt;1 semana se le descontar\u00e1 un 25%, &lt;2 d\u00edas un 50%, &lt;24 horas un 100%. Por favor, inf\u00f3rmenos lo antes posible en caso de cancelaci\u00f3n de su reserva. En las semanas previas a las vacaciones y d\u00edas festivos, hay un reembolso s\u00f3lo para las cancelaciones realizadas 1 mes antes.<\/p>\n<p><strong>Registro anticipado:<\/strong>\u00a0Si nos informa durante su reserva, nuestro hotel le mostrar\u00e1 la sensibilidad necesaria.<\/p>\n<p><strong>Late Check In:<\/strong>\u00a0Nuestro hotel le mostrar\u00e1 la sensibilidad necesaria si lo notifica durante su reserva.<\/p>\n<p>En nuestro hotel se aceptan las tarjetas de cr\u00e9dito Visa, MasterCard.[\/vc_column_text][\/vc_column][\/vc_row][vc_row css_animation=&#8221;&#8221; row_type=&#8221;row&#8221; use_row_as_full_screen_section=&#8221;no&#8221; type=&#8221;full_width&#8221; angled_section=&#8221;no&#8221; text_align=&#8221;left&#8221; background_image_as_pattern=&#8221;without_pattern&#8221;][vc_column][vc_empty_space height=&#8221;50px&#8221;][\/vc_column][\/vc_row]<\/p>\n","protected":false},"excerpt":{"rendered":"<p>[vc_row css_animation=&#8221;&#8221; row_type=&#8221;row&#8221; use_row_as_full_screen_section=&#8221;no&#8221; type=&#8221;grid&#8221; angled_section=&#8221;no&#8221; text_align=&#8221;left&#8221; background_image_as_pattern=&#8221;without_pattern&#8221; css=&#8221;.vc_custom_1669120220455{padding-top: 85px !important;}&#8221; z_index=&#8221;&#8221;][vc_column][vc_column_text] Suites King [\/vc_column_text][vc_empty_space height=&#8221;23px&#8221;][\/vc_column][\/vc_row][vc_row css_animation=&#8221;&#8221; row_type=&#8221;row&#8221; use_row_as_full_screen_section=&#8221;no&#8221; type=&#8221;grid&#8221; angled_section=&#8221;no&#8221; text_align=&#8221;center&#8221; background_image_as_pattern=&#8221;without_pattern&#8221; background_color=&#8221;#ffffff&#8221; z_index=&#8221;&#8221;][vc_column width=&#8221;1\/2&#8243; css=&#8221;.vc_custom_1669627768473{padding-top: 3% !important;}&#8221;][vc_gallery type=&#8221;nivo&#8221; interval=&#8221;3&#8243; images=&#8221;307,308,309&#8243; img_size=&#8221;full&#8221; onclick=&#8221;&#8221;][\/vc_column][vc_column width=&#8221;1\/2&#8243; css=&#8221;.vc_custom_1669627700484{padding-top: 5% !important;padding-bottom: 5% !important;}&#8221;][vc_column_text] Suites King [\/vc_column_text][vc_empty_space height=&#8221;23px&#8221;][vc_column_text] Nuestras&#8230;<\/p>\n","protected":false},"author":1,"featured_media":0,"parent":0,"menu_order":0,"comment_status":"closed","ping_status":"closed","template":"full_width.php","meta":{"footnotes":""},"class_list":["post-297","page","type-page","status-publish","hentry"],"_links":{"self":[{"href":"https:\/\/temennievi.com\/ES\/wp-json\/wp\/v2\/pages\/297","targetHints":{"allow":["GET"]}}],"collection":[{"href":"https:\/\/temennievi.com\/ES\/wp-json\/wp\/v2\/pages"}],"about":[{"href":"https:\/\/temennievi.com\/ES\/wp-json\/wp\/v2\/types\/page"}],"author":[{"embeddable":true,"href":"https:\/\/temennievi.com\/ES\/wp-json\/wp\/v2\/users\/1"}],"replies":[{"embeddable":true,"href":"https:\/\/temennievi.com\/ES\/wp-json\/wp\/v2\/comments?post=297"}],"version-history":[{"count":10,"href":"https:\/\/temennievi.com\/ES\/wp-json\/wp\/v2\/pages\/297\/revisions"}],"predecessor-version":[{"id":511,"href":"https:\/\/temennievi.com\/ES\/wp-json\/wp\/v2\/pages\/297\/revisions\/511"}],"wp:attachment":[{"href":"https:\/\/temennievi.com\/ES\/wp-json\/wp\/v2\/media?parent=297"}],"curies":[{"name":"wp","href":"https:\/\/api.w.org\/{rel}","templated":true}]}}