{"id":135,"date":"2022-11-22T12:27:36","date_gmt":"2022-11-22T12:27:36","guid":{"rendered":"http:\/\/temennievi.com\/ES\/\/?page_id=135"},"modified":"2023-12-19T12:07:02","modified_gmt":"2023-12-19T12:07:02","slug":"hakkimizda","status":"publish","type":"page","link":"https:\/\/temennievi.com\/ES\/hakkimizda\/","title":{"rendered":"Qu\u0131\u00e9nes Somos"},"content":{"rendered":"<p>[vc_row css_animation=&#8221;&#8221; row_type=&#8221;row&#8221; use_row_as_full_screen_section=&#8221;no&#8221; type=&#8221;grid&#8221; angled_section=&#8221;no&#8221; text_align=&#8221;left&#8221; background_image_as_pattern=&#8221;without_pattern&#8221; css=&#8221;.vc_custom_1669120220455{padding-top: 85px !important;}&#8221; z_index=&#8221;&#8221;][vc_column][vc_column_text]<\/p>\n<h3>Qui\u00e9nes somos<\/h3>\n<p>[\/vc_column_text][vc_empty_space height=&#8221;93px&#8221;][vc_column_text]Bienvenido a nuestro encantador y rom\u00e1ntico hotel boutique TEMENN\u0130 EV\u0130, donde se han restaurado y rehabilitado antiguas casas griegas.<\/p>\n<p>TEMENN\u0130 EV\u0130 ser\u00e1 una de las mejores opciones para sus d\u00edas en Capadocia con su ubicaci\u00f3n, vista panor\u00e1mica, glamour, ambiente c\u00e1lido y servicio de calidad. Nuestro objetivo y nuestro principio es para usted que est\u00e1 lejos de su casa aqu\u00ed. TEMENN\u0130 EV\u0130 es hacer que se sienta TEMENN\u0130 EV\u0130 como su segundo hogar.<\/p>\n<p>TEMENN\u0130 EV\u0130, especialmente para parejas que vienen a Capadocia y quieren quedarse aqu\u00ed en un ambiente especial o viajeros que quieren quedarse en un ambiente c\u00f3modo y de calidad ha sido dise\u00f1ado y preparado como un segundo hogar. Nuestras habitaciones excavadas en la roca, decoradas con muebles especialmente seleccionados y amuebladas para su comodidad, exhiben todas las bellezas de una casa cueva local y esta belleza se integra con un confort de calidad.<\/p>\n<p>Como hu\u00e9sped de TEMENN\u0130 EV\u0130, se perder\u00e1 en la antigua magia de nuestro distrito y se sumergir\u00e1 en la misteriosa atm\u00f3sfera de nuestro hotel adornado con piedras de Capadocia que reflejan los colores del sol y los detalles de la antigua arquitectura otomana.<\/p>\n<p>Las 32 elegantes y agradables habitaciones de nuestro hotel est\u00e1n decoradas con colores suaves y muebles antiguos para su comodidad. Jacuzzis en nuestros cuartos de ba\u00f1o, aire acondicionado natural y chimeneas en nuestras habitaciones talladas en la roca est\u00e1n a su servicio para su comodidad y una estancia agradable.<\/p>\n<p>Cuando venga a Capadocia, un aperitivo que tomar\u00e1 en la terraza al atardecer los d\u00edas que se aloje en nuestro hotel, situado en un tranquilo rinc\u00f3n de Urgup, le quitar\u00e1 el cansancio de todo el d\u00eda; sin embargo, para los que quieran continuar, podr\u00e1n dar agradables paseos por los alrededores de nuestro hotel gracias a su ubicaci\u00f3n.<\/p>\n<p>Tenemos a su servicio restaurantes interiores para 90 personas; terrazas para 70 personas; cuevas rocosas para 45 personas, con los dispositivos t\u00e9cnicos necesarios para seminarios, reuniones y actividades de entretenimiento. Adem\u00e1s, tambi\u00e9n est\u00e1 a su servicio la organizaci\u00f3n de actividades de entretenimiento en nuestros restaurantes subterr\u00e1neos en noches especiales.<\/p>\n<p>Adem\u00e1s de todo esto, Internet por cable e inal\u00e1mbrico en las habitaciones de nuestro hotel, si lo solicita, nuestro ordenador port\u00e1til totalmente equipado est\u00e1 listo para el uso de nuestros clientes.<\/p>\n<p>Se proporciona servicio de caja fuerte en nuestras habitaciones para sus objetos de valor. Adem\u00e1s, el t\u00e9 es tambi\u00e9n de cortes\u00eda con el hervidor de agua en nuestras habitaciones.<\/p>\n<p>Se encuentra a 5 minutos a pie del bazar, a 45 km del aeropuerto de Nevsehir Capadocia y a 60 km del aeropuerto de Kayseri.<\/p>\n<p>El agua utilizada en los ba\u00f1os de todas nuestras habitaciones est\u00e1 especialmente filtrada. Le damos la bienvenida a TEMENN\u0130 EV\u0130, su segundo hogar en Capadocia.[\/vc_column_text][vc_empty_space height=&#8221;93px&#8221;][\/vc_column][\/vc_row]<\/p>\n","protected":false},"excerpt":{"rendered":"<p>[vc_row css_animation=&#8221;&#8221; row_type=&#8221;row&#8221; use_row_as_full_screen_section=&#8221;no&#8221; type=&#8221;grid&#8221; angled_section=&#8221;no&#8221; text_align=&#8221;left&#8221; background_image_as_pattern=&#8221;without_pattern&#8221; css=&#8221;.vc_custom_1669120220455{padding-top: 85px !important;}&#8221; z_index=&#8221;&#8221;][vc_column][vc_column_text] Qui\u00e9nes somos [\/vc_column_text][vc_empty_space height=&#8221;93px&#8221;][vc_column_text]Bienvenido a nuestro encantador y rom\u00e1ntico hotel boutique TEMENN\u0130 EV\u0130, donde se han restaurado y rehabilitado antiguas casas griegas. TEMENN\u0130 EV\u0130 ser\u00e1 una de las mejores opciones para sus d\u00edas&#8230;<\/p>\n","protected":false},"author":1,"featured_media":0,"parent":0,"menu_order":0,"comment_status":"closed","ping_status":"closed","template":"full_width.php","meta":{"footnotes":""},"class_list":["post-135","page","type-page","status-publish","hentry"],"_links":{"self":[{"href":"https:\/\/temennievi.com\/ES\/wp-json\/wp\/v2\/pages\/135","targetHints":{"allow":["GET"]}}],"collection":[{"href":"https:\/\/temennievi.com\/ES\/wp-json\/wp\/v2\/pages"}],"about":[{"href":"https:\/\/temennievi.com\/ES\/wp-json\/wp\/v2\/types\/page"}],"author":[{"embeddable":true,"href":"https:\/\/temennievi.com\/ES\/wp-json\/wp\/v2\/users\/1"}],"replies":[{"embeddable":true,"href":"https:\/\/temennievi.com\/ES\/wp-json\/wp\/v2\/comments?post=135"}],"version-history":[{"count":10,"href":"https:\/\/temennievi.com\/ES\/wp-json\/wp\/v2\/pages\/135\/revisions"}],"predecessor-version":[{"id":502,"href":"https:\/\/temennievi.com\/ES\/wp-json\/wp\/v2\/pages\/135\/revisions\/502"}],"wp:attachment":[{"href":"https:\/\/temennievi.com\/ES\/wp-json\/wp\/v2\/media?parent=135"}],"curies":[{"name":"wp","href":"https:\/\/api.w.org\/{rel}","templated":true}]}}