{"id":125,"date":"2016-09-06T13:55:22","date_gmt":"2016-09-06T13:55:22","guid":{"rendered":"http:\/\/bridge89.qodeinteractive.com\/?page_id=5"},"modified":"2023-12-22T13:45:18","modified_gmt":"2023-12-22T13:45:18","slug":"anasayfa","status":"publish","type":"page","link":"https:\/\/temennievi.com\/ES\/","title":{"rendered":"P\u00e1g\u0131na De In\u0131c\u0131o"},"content":{"rendered":"<p>[vc_row css_animation=&#8221;&#8221; row_type=&#8221;row&#8221; use_row_as_full_screen_section=&#8221;no&#8221; type=&#8221;grid&#8221; anchor=&#8221;home&#8221; angled_section=&#8221;no&#8221; text_align=&#8221;left&#8221; background_image_as_pattern=&#8221;without_pattern&#8221; css=&#8221;.vc_custom_1670800595910{padding-top: 158px !important;padding-bottom: 192px !important;background-image: url(http:\/\/temennievi.com\/ES\/\/wp-content\/uploads\/2022\/12\/banner.jpg?id=320) !important;}&#8221; z_index=&#8221;&#8221;][vc_column offset=&#8221;vc_col-lg-7 vc_col-md-8&#8243;][vc_empty_space height=&#8221;15px&#8221;][vc_column_text]<\/p>\n<h1><span style=\"color: #ffffff;\">Reserve Su Plaza En La Tierra De Los Sue\u00f1os<\/span><\/h1>\n<p>[\/vc_column_text][vc_empty_space height=&#8221;23px&#8221;][vc_column_text]<\/p>\n<h5><span style=\"color: #ffffff;\">Le esperamos para disfrutar de las bellezas hist\u00f3ricas y las magn\u00edficas vistas.<\/span><\/h5>\n<p>[\/vc_column_text][vc_empty_space height=&#8221;28px&#8221;]<a  itemprop=\"url\" href=\"\/ES\/iletisim\/\" target=\"_self\"  class=\"qbutton  large white default\" style=\"\">Contacto<\/a>[vc_empty_space height=&#8221;70px&#8221;][\/vc_column][vc_column width=&#8221;2\/3&#8243; offset=&#8221;vc_col-lg-offset-1 vc_col-lg-4 vc_col-md-offset-0 vc_col-md-4 vc_col-sm-offset-2&#8243;][vc_row_inner row_type=&#8221;row&#8221; type=&#8221;full_width&#8221; text_align=&#8221;left&#8221; css_animation=&#8221;&#8221; css=&#8221;.vc_custom_1491827397882{background-color: #ffffff !important;}&#8221;][vc_column_inner css=&#8221;.vc_custom_1491828199897{padding-right: 37px !important;padding-left: 37px !important;}&#8221;][vc_empty_space height=&#8221;29px&#8221;][vc_column_text]<\/p>\n<h3>Puede enviarnos su solicitud de reserva.<\/h3>\n<p>[\/vc_column_text][vc_empty_space height=&#8221;28px&#8221;][vc_raw_html]JTNDZGl2JTIwaWQlM0QlMjJyZXNlbGl2YS13aWRnZXQlMjIlM0UlM0NhJTIwaHJlZiUzRCUyMmh0dHBzJTNBJTJGJTJGd3d3LnJlc2VsaXZhLmNvbSUyRiUyMiUyMGNsYXNzJTNEJTIycG93ZXJlZF9ieSUyMiUzRU1vdG9yJTIwZGUlMjByZXNlcnZhcyUyMFJlc2VsaXZhJTIwJTI2JTIwQ2hhbm5lbCUyME1hbmFnZXIlM0MlMkZhJTNFJTNDJTJGZGl2JTNFJTBBJTNDc2NyaXB0JTNFJTBBJTI4ZnVuY3Rpb24lMjhkJTJDJTIwcyUyQyUyMGlkJTI5JTdCdmFyJTIwanMlMkMlMjBmanMlMjAlM0QlMjBkLmdldEVsZW1lbnRzQnlUYWdOYW1lJTI4cyUyOSU1QjAlNUQlM0JpZiUyMCUyOGQuZ2V0RWxlbWVudEJ5SWQlMjhpZCUyOSUyOSUyMCU3QnJldHVybiUzQiU3RGpzJTIwJTNEJTIwZC5jcmVhdGVFbGVtZW50JTI4cyUyOSUzQiUyMGpzLmlkJTIwJTNEJTIwaWQlM0Jqcy5zcmMlMjAlM0QlMjAlMjJodHRwcyUzQSUyRiUyRnd3dy5yZXNlbGl2YS5jb20lMkZSZXNlbGl2YVdpZGdldCUyRkpTJTJGcndfc2NyaXB0LmpzJTIyJTNCZmpzLnBhcmVudE5vZGUuaW5zZXJ0QmVmb3JlJTI4anMlMkMlMjBmanMlMjklM0IlN0QlMjhkb2N1bWVudCUyQyUyMCUyN3NjcmlwdCUyNyUyQyUyMCUyN3Jlc2VsaXZhX3dpZGdldCUyNyUyOSUyOSUzQiUwQWxldCUyMFJXJTIwJTNEJTIwJTdCJTIydHlwZSUyMiUzQSUyMmJveCUyMiUyQyUwQSUyMmhvdGVsVXJsJTIyJTNBJTVCJTIydGVtZW5uaWV2aSUyMiU1RCUyQyUwQSUyMmxhbmclMjIlM0ElMjJlcyUyMiUyQyUwQSUyMm1heFdpZHRoJTIyJTNBJTIwNDUwJTJDJTBBJTIyYnRuQmdDb2xvciUyMiUyMCUzQSUyMCUyMiUyM2ZmNWE1ZiUyMiUyQyUwQSUyMnRpdGxlJTIyJTIwJTNBJTIwdHJ1ZSUyQyUwQSUyMnRhcmdldCUyMiUyMCUzQSUyMCUyMl9ibGFuayUyMiU3RCUzQiUwQSUzQyUyRnNjcmlwdCUzRQ==[\/vc_raw_html][vc_empty_space height=&#8221;21px&#8221;][\/vc_column_inner][\/vc_row_inner][\/vc_column][\/vc_row][vc_row css_animation=&#8221;&#8221; row_type=&#8221;row&#8221; use_row_as_full_screen_section=&#8221;no&#8221; type=&#8221;grid&#8221; angled_section=&#8221;no&#8221; text_align=&#8221;left&#8221; background_image_as_pattern=&#8221;without_pattern&#8221;][vc_column css=&#8221;.vc_custom_1481616437392{margin-top: -94px !important;padding-top: 94px !important;padding-bottom: 0px !important;background-color: #ffffff !important;}&#8221;][\/vc_column][\/vc_row][vc_row css_animation=&#8221;&#8221; row_type=&#8221;row&#8221; use_row_as_full_screen_section=&#8221;no&#8221; type=&#8221;grid&#8221; angled_section=&#8221;no&#8221; text_align=&#8221;center&#8221; background_image_as_pattern=&#8221;without_pattern&#8221;][vc_column css=&#8221;.vc_custom_1492092153224{margin-top: -46px !important;border-right-width: 1px !important;padding-top: 0px !important;padding-right: 48px !important;padding-left: 48px !important;background-color: #ffffff !important;border-right-color: #eae9e9 !important;border-right-style: solid !important;}&#8221; offset=&#8221;vc_col-lg-4 vc_col-md-4&#8243;][qode_elements_holder number_of_columns=&#8221;one_column&#8221;][qode_elements_holder_item item_padding=&#8221;0 0 0 0&#8243; vertical_alignment=&#8221;top&#8221; advanced_animations=&#8221;no&#8221; item_padding_600_768=&#8221;0 0 96px 0&#8243; item_padding_480_600=&#8221;0 0 96px 0&#8243; item_padding_480=&#8221;0 0 96px 0&#8243;][vc_single_image image=&#8221;276&#8243; img_size=&#8221;full&#8221; alignment=&#8221;center&#8221; qode_css_animation=&#8221;&#8221;][vc_empty_space height=&#8221;29px&#8221;][vc_column_text]<\/p>\n<h4>Salas de Cuevas<\/h4>\n<p>[\/vc_column_text][vc_empty_space height=&#8221;31px&#8221;]<a  itemprop=\"url\" href=\"\/ES\/magara-odalar\/\" target=\"_self\"  class=\"qbutton  default\" style=\"\">Detalles de la habitaci\u00f3n<\/a>[\/qode_elements_holder_item][\/qode_elements_holder][\/vc_column][vc_column css=&#8221;.vc_custom_1492092159406{margin-top: -46px !important;border-right-width: 1px !important;border-bottom-width: 0px !important;border-left-width: 0px !important;padding-top: 0px !important;padding-right: 48px !important;padding-bottom: 0px !important;padding-left: 48px !important;background-color: #ffffff !important;border-left-color: #eae9e9 !important;border-left-style: solid !important;border-right-color: #eae9e9 !important;border-right-style: solid !important;border-bottom-color: #eae9e9 !important;border-bottom-style: solid !important;}&#8221; offset=&#8221;vc_col-lg-4 vc_col-md-4&#8243;][qode_elements_holder number_of_columns=&#8221;one_column&#8221;][qode_elements_holder_item item_padding=&#8221;0 0 0 0&#8243; vertical_alignment=&#8221;top&#8221; advanced_animations=&#8221;no&#8221; item_padding_600_768=&#8221;0 0 96px 0&#8243; item_padding_480_600=&#8221;0 0 96px 0&#8243; item_padding_480=&#8221;0 0 96px 0&#8243;][vc_single_image image=&#8221;295&#8243; img_size=&#8221;full&#8221; alignment=&#8221;center&#8221; qode_css_animation=&#8221;&#8221;][vc_empty_space height=&#8221;29px&#8221;][vc_column_text]<\/p>\n<h4>Salas de Piedra y Arco<\/h4>\n<p>[\/vc_column_text][vc_empty_space height=&#8221;31px&#8221;]<a  itemprop=\"url\" href=\"\/ES\/tas-kemer-odalar\/\" target=\"_self\"  class=\"qbutton  default\" style=\"\">Detalles de la habitaci\u00f3n<\/a>[\/qode_elements_holder_item][\/qode_elements_holder][\/vc_column][vc_column css=&#8221;.vc_custom_1492092915762{margin-top: -46px !important;border-right-width: 1px !important;padding-top: 0px !important;padding-right: 48px !important;padding-bottom: 0px !important;padding-left: 48px !important;background-color: #ffffff !important;border-right-color: #ffffff !important;border-right-style: solid !important;}&#8221; offset=&#8221;vc_col-lg-4 vc_col-md-4&#8243;][qode_elements_holder number_of_columns=&#8221;one_column&#8221;][qode_elements_holder_item item_padding=&#8221;0 0 0 0&#8243; vertical_alignment=&#8221;top&#8221; advanced_animations=&#8221;no&#8221;][vc_single_image image=&#8221;305&#8243; img_size=&#8221;full&#8221; alignment=&#8221;center&#8221; qode_css_animation=&#8221;&#8221;][vc_empty_space height=&#8221;29px&#8221;][vc_column_text]<\/p>\n<h4>Suites King<\/h4>\n<p>[\/vc_column_text][vc_empty_space height=&#8221;31px&#8221;]<a  itemprop=\"url\" href=\"\/ES\/king-suitler\/\" target=\"_self\"  class=\"qbutton  default\" style=\"\">Detalles de la habitaci\u00f3n<\/a>[\/qode_elements_holder_item][\/qode_elements_holder][\/vc_column][\/vc_row][vc_row css_animation=&#8221;&#8221; row_type=&#8221;row&#8221; use_row_as_full_screen_section=&#8221;no&#8221; type=&#8221;grid&#8221; angled_section=&#8221;no&#8221; text_align=&#8221;left&#8221; background_image_as_pattern=&#8221;without_pattern&#8221;][vc_column css=&#8221;.vc_custom_1491835918638{padding-top: 55px !important;padding-bottom: 0px !important;background-color: #ffffff !important;}&#8221;][\/vc_column][\/vc_row][vc_row css_animation=&#8221;&#8221; row_type=&#8221;row&#8221; use_row_as_full_screen_section=&#8221;no&#8221; type=&#8221;grid&#8221; anchor=&#8221;gallery&#8221; angled_section=&#8221;no&#8221; text_align=&#8221;center&#8221; background_image_as_pattern=&#8221;without_pattern&#8221; css=&#8221;.vc_custom_1491838370562{padding-top: 85px !important;}&#8221;][vc_column][vc_column_text]<\/p>\n<h2>Temenni Evi<\/h2>\n<p>[\/vc_column_text][vc_empty_space height=&#8221;93px&#8221;][vc_gallery type=&#8221;image_grid&#8221; images=&#8221;324,325,326,327,328,329&#8243; img_size=&#8221;600&#215;600&#8243; column_number=&#8221;3&#8243; grayscale=&#8221;no&#8221; images_space=&#8221;gallery_with_space&#8221;][\/vc_column][\/vc_row][vc_row css_animation=&#8221;&#8221; row_type=&#8221;row&#8221; use_row_as_full_screen_section=&#8221;no&#8221; type=&#8221;grid&#8221; anchor=&#8221;reviews&#8221; angled_section=&#8221;no&#8221; text_align=&#8221;center&#8221; background_image_as_pattern=&#8221;without_pattern&#8221; css=&#8221;.vc_custom_1491838378047{padding-top: 85px !important;padding-bottom: 100px !important;}&#8221;][vc_column][vc_column_text]<\/p>\n<h2>Comentarios de los invitados<\/h2>\n<p>[\/vc_column_text][vc_empty_space height=&#8221;36px&#8221;][vc_empty_space height=&#8221;48px&#8221;]<div class='testimonials_c_holder clearfix dark'><div class=\"testimonials_c testimonials_c_carousel\" data-show-navigation=\"yes\" data-animation-speed=\"\" data-auto-rotate-slides=\"3\" data-number-per-slide=\"3\"><ul class=\"slides\"><li id=\"testimonials-c-91\" class=\"testimonial_content\"><div class=\"testimonial_content_inner\"><div class=\"testimonial_image_holder\"><img decoding=\"async\" src=\"\" \/><\/div><div class=\"testimonial_title_holder\"><h5>Tus deseos se har\u00e1n realidad<\/h5><\/div><div class=\"testimonial_rating_holder\"><span class=\"testimonial_star_holder\"><span class=\"icon_star\"><\/span><\/span><span class=\"testimonial_star_holder\"><span class=\"icon_star\"><\/span><\/span><span class=\"testimonial_star_holder\"><span class=\"icon_star\"><\/span><\/span><span class=\"testimonial_star_holder\"><span class=\"icon_star\"><\/span><\/span><span class=\"testimonial_star_holder\"><span class=\"icon_star\"><\/span><\/span><\/div><div class=\"testimonial_text_holder\"><div class=\"testimonial_text_inner\" style=\"\"><p>Me encanta este hotel. Est\u00e1 en el coraz\u00f3n de Urgub, en Capadocia y rodeado de un paisaje precioso. Las habitaciones son rom\u00e1nticas y acogedoras hasta el punto de que s\u00f3lo quieres quedarte all\u00ed y realx. Son de piedra y est\u00e1n bellamente decoradas con artesan\u00eda hecha a mano. El personal es muy educado, servicial y siempre sonriente. El hotel est\u00e1 limpio y es atractivo.<\/p><p class=\"testimonial_author\" style=\"font-weight: 400;color: #ff5a5f;font-size: 15px;\">- Mariem Werchefeni<\/p><\/div><\/div><\/div><\/li><li id=\"testimonials-c-92\" class=\"testimonial_content\"><div class=\"testimonial_content_inner\"><div class=\"testimonial_image_holder\"><img decoding=\"async\" src=\"\" \/><\/div><div class=\"testimonial_title_holder\"><h5>Buena experiencia<\/h5><\/div><div class=\"testimonial_rating_holder\"><span class=\"testimonial_star_holder\"><span class=\"icon_star\"><\/span><\/span><span class=\"testimonial_star_holder\"><span class=\"icon_star\"><\/span><\/span><span class=\"testimonial_star_holder\"><span class=\"icon_star\"><\/span><\/span><span class=\"testimonial_star_holder\"><span class=\"icon_star\"><\/span><\/span><span class=\"testimonial_star_holder\"><span class=\"icon_star\"><\/span><\/span><\/div><div class=\"testimonial_text_holder\"><div class=\"testimonial_text_inner\" style=\"\"><p>Buena experiencia, el hotel est\u00e1 bien equipado con lo b\u00e1sico, las habitaciones tienen calefactores el\u00e9ctricos ya que actualmente hace fr\u00edo por la noche. Si sales del hotel y vas cuesta abajo a mano izquierda encontrar\u00e1s un mercado donde puedes encontrar famosos frutos secos locales, souvenirs, restaurantes, etc.<\/p><p class=\"testimonial_author\" style=\"font-weight: 400;color: #ff5a5f;font-size: 15px;\">- \u4f58\u7d39\u8c6a<\/p><\/div><\/div><\/div><\/li><li id=\"testimonials-c-90\" class=\"testimonial_content\"><div class=\"testimonial_content_inner\"><div class=\"testimonial_image_holder\"><img decoding=\"async\" src=\"\" \/><\/div><div class=\"testimonial_title_holder\"><h5>Recomendado<\/h5><\/div><div class=\"testimonial_rating_holder\"><span class=\"testimonial_star_holder\"><span class=\"icon_star\"><\/span><\/span><span class=\"testimonial_star_holder\"><span class=\"icon_star\"><\/span><\/span><span class=\"testimonial_star_holder\"><span class=\"icon_star\"><\/span><\/span><span class=\"testimonial_star_holder\"><span class=\"icon_star\"><\/span><\/span><span class=\"testimonial_star_holder\"><span class=\"icon_star\"><\/span><\/span><\/div><div class=\"testimonial_text_holder\"><div class=\"testimonial_text_inner\" style=\"\"><p>Un lugar donde alojarse en Urgup sin dudarlo, no comimos nada excepto el desayuno (tuvimos un viaje muy ajetreado) no puedo decir nada de las otras comidas. Son interesados y amables. Recomendable.<\/p><p class=\"testimonial_author\" style=\"font-weight: 400;color: #ff5a5f;font-size: 15px;\">- Ali<\/p><\/div><\/div><\/div><\/li><li id=\"testimonials-c-93\" class=\"testimonial_content\"><div class=\"testimonial_content_inner\"><div class=\"testimonial_image_holder\"><img decoding=\"async\" src=\"\" \/><\/div><div class=\"testimonial_title_holder\"><h5>Es tan bonito<\/h5><\/div><div class=\"testimonial_rating_holder\"><span class=\"testimonial_star_holder\"><span class=\"icon_star\"><\/span><\/span><span class=\"testimonial_star_holder\"><span class=\"icon_star\"><\/span><\/span><span class=\"testimonial_star_holder\"><span class=\"icon_star\"><\/span><\/span><span class=\"testimonial_star_holder\"><span class=\"icon_star\"><\/span><\/span><span class=\"testimonial_star_holder\"><span class=\"icon_star\"><\/span><\/span><\/div><div class=\"testimonial_text_holder\"><div class=\"testimonial_text_inner\" style=\"\"><p>Han creado unas instalaciones maravillosas sin estropear miles de a\u00f1os de historia, todo es muy bonito.<\/p><p class=\"testimonial_author\" style=\"font-weight: 400;color: #ff5a5f;font-size: 15px;\">- Halil Kurt<\/p><\/div><\/div><\/div><\/li><li id=\"testimonials-c-94\" class=\"testimonial_content\"><div class=\"testimonial_content_inner\"><div class=\"testimonial_image_holder\"><img decoding=\"async\" src=\"\" \/><\/div><div class=\"testimonial_title_holder\"><h5>Magn\u00edficas vistas<\/h5><\/div><div class=\"testimonial_rating_holder\"><span class=\"testimonial_star_holder\"><span class=\"icon_star\"><\/span><\/span><span class=\"testimonial_star_holder\"><span class=\"icon_star\"><\/span><\/span><span class=\"testimonial_star_holder\"><span class=\"icon_star\"><\/span><\/span><span class=\"testimonial_star_holder\"><span class=\"icon_star\"><\/span><\/span><span class=\"testimonial_star_holder\"><span class=\"icon_star\"><\/span><\/span><\/div><div class=\"testimonial_text_holder\"><div class=\"testimonial_text_inner\" style=\"\"><p>El hotel convertido de una cueva, Capadocia es tal hotel, la vista nocturna es tan hermosa, usted debe experimentarlo.<\/p><p class=\"testimonial_author\" style=\"font-weight: 400;color: #ff5a5f;font-size: 15px;\">- \u9673\u90c1\u667a<\/p><\/div><\/div><\/div><\/li><li id=\"testimonials-c-95\" class=\"testimonial_content\"><div class=\"testimonial_content_inner\"><div class=\"testimonial_image_holder\"><img decoding=\"async\" src=\"\" \/><\/div><div class=\"testimonial_title_holder\"><h5>Gran perspectiva<\/h5><\/div><div class=\"testimonial_rating_holder\"><span class=\"testimonial_star_holder\"><span class=\"icon_star\"><\/span><\/span><span class=\"testimonial_star_holder\"><span class=\"icon_star\"><\/span><\/span><span class=\"testimonial_star_holder\"><span class=\"icon_star\"><\/span><\/span><span class=\"testimonial_star_holder\"><span class=\"icon_star\"><\/span><\/span><span class=\"testimonial_star_holder\"><span class=\"icon_star\"><\/span><\/span><\/div><div class=\"testimonial_text_holder\"><div class=\"testimonial_text_inner\" style=\"\"><p>Es un hotel con una gran variedad de estilos de habitaciones y tiene un gran mirador, lo que sugiere que merece mucho la pena alojarse aqu\u00ed.<\/p><p class=\"testimonial_author\" style=\"font-weight: 400;color: #ff5a5f;font-size: 15px;\">- Mew J<\/p><\/div><\/div><\/div><\/li><\/ul><\/div><\/div>[\/vc_column][\/vc_row][vc_row css_animation=&#8221;&#8221; row_type=&#8221;row&#8221; use_row_as_full_screen_section=&#8221;no&#8221; type=&#8221;grid&#8221; anchor=&#8221;amenities&#8221; angled_section=&#8221;no&#8221; text_align=&#8221;left&#8221; background_image_as_pattern=&#8221;without_pattern&#8221; css=&#8221;.vc_custom_1491838385477{padding-top: 16px !important;padding-bottom: 103px !important;}&#8221;][vc_column offset=&#8221;vc_col-lg-6 vc_col-md-6&#8243;][vc_empty_space height=&#8221;5px&#8221;]<div class=\"qode-comparative-features-table qode-cft-one-column\">\n\t<div class=\"qode-cft-header qode-cft-row\">\n\t\t<div class=\"qode-cft-title-holder\">\n\t\t\t<h6 class=\"qode-cft-title\">\n\t\t\tCaracter\u00edsticas del alojamiento\t\t<\/h6>\n\t<\/div>\n\t<\/div>\n\t<div class=\"qode-cft-feature qode-cft-row\">\n\t<p class=\"qode-cft-feature-title\">\n\tDesayuno\t<\/p>\n\t\t\t\t<div class=\"qode-cft-feature-value\">\n\t\t\t<p class=\"qode-cft-feature-item-title-responsive\">\n\t\t\tDesayuno\t\t\t<\/p>\n\t\t\t<span class=\"icon_check qode-cft-mark qode-cft-active\"><\/span>\t\t\t<\/div>\n\t\t\t\t<\/div>\n\t<div class=\"qode-cft-feature qode-cft-row\">\n\t<p class=\"qode-cft-feature-title\">\n\tCena\t<\/p>\n\t\t\t\t<div class=\"qode-cft-feature-value\">\n\t\t\t<p class=\"qode-cft-feature-item-title-responsive\">\n\t\t\tCena\t\t\t<\/p>\n\t\t\t<span class=\"icon_check qode-cft-mark qode-cft-active\"><\/span>\t\t\t<\/div>\n\t\t\t\t<\/div>\n\t<div class=\"qode-cft-feature qode-cft-row\">\n\t<p class=\"qode-cft-feature-title\">\n\tServicio de habitaciones\t<\/p>\n\t\t\t\t<div class=\"qode-cft-feature-value\">\n\t\t\t<p class=\"qode-cft-feature-item-title-responsive\">\n\t\t\tServicio de habitaciones\t\t\t<\/p>\n\t\t\t<span class=\"icon_check qode-cft-mark qode-cft-active\"><\/span>\t\t\t<\/div>\n\t\t\t\t<\/div>\n\t<div class=\"qode-cft-feature qode-cft-row\">\n\t<p class=\"qode-cft-feature-title\">\n\tServicio de lavander\u00eda\t<\/p>\n\t\t\t\t<div class=\"qode-cft-feature-value\">\n\t\t\t<p class=\"qode-cft-feature-item-title-responsive\">\n\t\t\tServicio de lavander\u00eda\t\t\t<\/p>\n\t\t\t<span class=\"icon_check qode-cft-mark qode-cft-active\"><\/span>\t\t\t<\/div>\n\t\t\t\t<\/div>\n\t<div class=\"qode-cft-feature qode-cft-row\">\n\t<p class=\"qode-cft-feature-title\">\n\tPABX e Internet\t<\/p>\n\t\t\t\t<div class=\"qode-cft-feature-value\">\n\t\t\t<p class=\"qode-cft-feature-item-title-responsive\">\n\t\t\tPABX e Internet\t\t\t<\/p>\n\t\t\t<span class=\"icon_check qode-cft-mark qode-cft-active\"><\/span>\t\t\t<\/div>\n\t\t\t\t<\/div>\n\t<div class=\"qode-cft-footer qode-cft-row\">\n\t\t<div class=\"qode-cft-column-footer-image\">\n\t\t\t<img decoding=\"async\" src=\"\" alt=\"\" \/>\n\t\t<\/div>\n\t\t\t\t\t<div class=\"qode-cft-column-footer-text\">\n\t\t\t\t<p class=\"qode-cft-footer-text\">\n\t\t\t\t\tP\u00f3ngase en contacto con nosotros si desea m\u00e1s informaci\u00f3n.\t\t\t\t<\/p>\n\t\t\t<\/div>\n\t\t\t<\/div>\n<\/div>[vc_empty_space height=&#8221;50px&#8221;][\/vc_column][vc_column offset=&#8221;vc_col-lg-6 vc_col-md-6&#8243;][vc_empty_space height=&#8221;5px&#8221;]<div class=\"qode-comparative-features-table qode-cft-one-column\">\n\t<div class=\"qode-cft-header qode-cft-row\">\n\t\t<div class=\"qode-cft-title-holder\">\n\t\t\t<h6 class=\"qode-cft-title\">\n\t\t\tServicios de alojamiento\t\t<\/h6>\n\t<\/div>\n\t<\/div>\n\t<div class=\"qode-cft-feature qode-cft-row\">\n\t<p class=\"qode-cft-feature-title\">\n\tTour y Gu\u00eda\t<\/p>\n\t\t\t\t<div class=\"qode-cft-feature-value\">\n\t\t\t<p class=\"qode-cft-feature-item-title-responsive\">\n\t\t\tTour y Gu\u00eda\t\t\t<\/p>\n\t\t\t<span class=\"icon_check qode-cft-mark qode-cft-active\"><\/span>\t\t\t<\/div>\n\t\t\t\t<\/div>\n\t<div class=\"qode-cft-feature qode-cft-row\">\n\t<p class=\"qode-cft-feature-title\">\n\tAlquiler de coches\t<\/p>\n\t\t\t\t<div class=\"qode-cft-feature-value\">\n\t\t\t<p class=\"qode-cft-feature-item-title-responsive\">\n\t\t\tAlquiler de coches\t\t\t<\/p>\n\t\t\t<span class=\"icon_check qode-cft-mark qode-cft-active\"><\/span>\t\t\t<\/div>\n\t\t\t\t<\/div>\n\t<div class=\"qode-cft-feature qode-cft-row\">\n\t<p class=\"qode-cft-feature-title\">\n\tVuelos en globo aerost\u00e1tico\t<\/p>\n\t\t\t\t<div class=\"qode-cft-feature-value\">\n\t\t\t<p class=\"qode-cft-feature-item-title-responsive\">\n\t\t\tVuelos en globo aerost\u00e1tico\t\t\t<\/p>\n\t\t\t<span class=\"icon_check qode-cft-mark qode-cft-active\"><\/span>\t\t\t<\/div>\n\t\t\t\t<\/div>\n\t<div class=\"qode-cft-feature qode-cft-row\">\n\t<p class=\"qode-cft-feature-title\">\n\tReservas en restaurantes\t<\/p>\n\t\t\t\t<div class=\"qode-cft-feature-value\">\n\t\t\t<p class=\"qode-cft-feature-item-title-responsive\">\n\t\t\tReservas en restaurantes\t\t\t<\/p>\n\t\t\t<span class=\"icon_check qode-cft-mark qode-cft-active\"><\/span>\t\t\t<\/div>\n\t\t\t\t<\/div>\n\t<div class=\"qode-cft-feature qode-cft-row\">\n\t<p class=\"qode-cft-feature-title\">\n\tTransferencias\t<\/p>\n\t\t\t\t<div class=\"qode-cft-feature-value\">\n\t\t\t<p class=\"qode-cft-feature-item-title-responsive\">\n\t\t\tTransferencias\t\t\t<\/p>\n\t\t\t<span class=\"icon_check qode-cft-mark qode-cft-active\"><\/span>\t\t\t<\/div>\n\t\t\t\t<\/div>\n\t<div class=\"qode-cft-footer qode-cft-row\">\n\t\t<div class=\"qode-cft-column-footer-image\">\n\t\t\t<img decoding=\"async\" src=\"\" alt=\"\" \/>\n\t\t<\/div>\n\t\t\t\t\t<div class=\"qode-cft-column-footer-text\">\n\t\t\t\t<p class=\"qode-cft-footer-text\">\n\t\t\t\t\tP\u00f3ngase en contacto con nosotros si desea m\u00e1s informaci\u00f3n.\t\t\t\t<\/p>\n\t\t\t<\/div>\n\t\t\t<\/div>\n<\/div>[vc_empty_space height=&#8221;50px&#8221;][\/vc_column][\/vc_row][vc_row css_animation=&#8221;&#8221; row_type=&#8221;row&#8221; use_row_as_full_screen_section=&#8221;no&#8221; type=&#8221;full_width&#8221; angled_section=&#8221;no&#8221; text_align=&#8221;center&#8221; background_image_as_pattern=&#8221;without_pattern&#8221; css=&#8221;.vc_custom_1671110687637{background-image: url(http:\/\/temennievi.com\/ES\/\/wp-content\/uploads\/2022\/12\/footer-son.jpeg?id=408) !important;}&#8221; z_index=&#8221;&#8221;][vc_column css=&#8221;.vc_custom_1491835335390{padding-top: 10.4% !important;padding-bottom: 9.6% !important;}&#8221;][vc_column_text]<\/p>\n<h1><span style=\"color: #ffffff;\">S\u00edguenos<\/span><\/h1>\n<p>[\/vc_column_text][vc_empty_space height=&#8221;44px&#8221;]<span data-type=\"square\" data-hover-bg-color=\"#f7f7f7\" data-hover-icon-color=\"#303030\" class=\"qode_icon_shortcode fa-stack q_font_awsome_icon_square fa-lg  \" style=\"background-color: #ffffff;border: 0;margin: 0 5px 0 0;font-size: 14px;font-size: 25px;border-radius: 2px; \"><a   itemprop=\"url\" href=\"https:\/\/www.instagram.com\/temennievi\/\" target=\"_blank\"><span aria-hidden=\"true\" class=\"qode_icon_font_elegant social_instagram qode_icon_element\" style=\"font-size: 14px;color: #303030;\" ><\/span><\/a><\/span><span data-type=\"square\" data-hover-bg-color=\"#f7f7f7\" data-hover-icon-color=\"#303030\" class=\"qode_icon_shortcode fa-stack q_font_awsome_icon_square fa-lg  \" style=\"background-color: #ffffff;border: 0;margin: 0 5px 0 0;font-size: 14px;font-size: 25px;border-radius: 2px; \"><a   itemprop=\"url\" href=\"https:\/\/tr-tr.facebook.com\/temennievi\/\" target=\"_blank\"><span aria-hidden=\"true\" class=\"qode_icon_font_elegant social_facebook qode_icon_element\" style=\"font-size: 14px;color: #303030;\" ><\/span><\/a><\/span>[\/vc_column][\/vc_row]<\/p>\n","protected":false},"excerpt":{"rendered":"<p>[vc_row css_animation=&#8221;&#8221; row_type=&#8221;row&#8221; use_row_as_full_screen_section=&#8221;no&#8221; type=&#8221;grid&#8221; anchor=&#8221;home&#8221; angled_section=&#8221;no&#8221; text_align=&#8221;left&#8221; background_image_as_pattern=&#8221;without_pattern&#8221; css=&#8221;.vc_custom_1670800595910{padding-top: 158px !important;padding-bottom: 192px !important;background-image: url(http:\/\/temennievi.com\/ES\/\/wp-content\/uploads\/2022\/12\/banner.jpg?id=320) !important;}&#8221; z_index=&#8221;&#8221;][vc_column offset=&#8221;vc_col-lg-7 vc_col-md-8&#8243;][vc_empty_space height=&#8221;15px&#8221;][vc_column_text] Reserve Su Plaza En La Tierra De Los Sue\u00f1os [\/vc_column_text][vc_empty_space height=&#8221;23px&#8221;][vc_column_text] Le esperamos para disfrutar de las bellezas hist\u00f3ricas y las magn\u00edficas vistas. [\/vc_column_text][vc_empty_space height=&#8221;28px&#8221;][vc_empty_space&#8230;<\/p>\n","protected":false},"author":1,"featured_media":0,"parent":0,"menu_order":0,"comment_status":"closed","ping_status":"closed","template":"full_width.php","meta":{"footnotes":""},"class_list":["post-125","page","type-page","status-publish","hentry"],"_links":{"self":[{"href":"https:\/\/temennievi.com\/ES\/wp-json\/wp\/v2\/pages\/125","targetHints":{"allow":["GET"]}}],"collection":[{"href":"https:\/\/temennievi.com\/ES\/wp-json\/wp\/v2\/pages"}],"about":[{"href":"https:\/\/temennievi.com\/ES\/wp-json\/wp\/v2\/types\/page"}],"author":[{"embeddable":true,"href":"https:\/\/temennievi.com\/ES\/wp-json\/wp\/v2\/users\/1"}],"replies":[{"embeddable":true,"href":"https:\/\/temennievi.com\/ES\/wp-json\/wp\/v2\/comments?post=125"}],"version-history":[{"count":37,"href":"https:\/\/temennievi.com\/ES\/wp-json\/wp\/v2\/pages\/125\/revisions"}],"predecessor-version":[{"id":514,"href":"https:\/\/temennievi.com\/ES\/wp-json\/wp\/v2\/pages\/125\/revisions\/514"}],"wp:attachment":[{"href":"https:\/\/temennievi.com\/ES\/wp-json\/wp\/v2\/media?parent=125"}],"curies":[{"name":"wp","href":"https:\/\/api.w.org\/{rel}","templated":true}]}}